{"id":108,"date":"2015-03-17T12:16:51","date_gmt":"2015-03-17T12:16:51","guid":{"rendered":"http:\/\/osteo-ortjohann.de\/?page_id=108"},"modified":"2015-04-16T16:44:27","modified_gmt":"2015-04-16T16:44:27","slug":"startseite-viscerale-osteopathie","status":"publish","type":"page","link":"https:\/\/osteo-ortjohann.de\/?page_id=108","title":{"rendered":"Viszerale Osteopathie"},"content":{"rendered":"<p><img decoding=\"async\" loading=\"lazy\" class=\"aligncenter wp-image-131\" src=\"http:\/\/osteo-ortjohann.de\/wp-content\/uploads\/2015\/03\/Fotolia_71910561_S.jpg\" alt=\"Beispiel Behandlung des Abdomens\" width=\"615\" height=\"410\" srcset=\"https:\/\/osteo-ortjohann.de\/wp-content\/uploads\/2015\/03\/Fotolia_71910561_S.jpg 849w, https:\/\/osteo-ortjohann.de\/wp-content\/uploads\/2015\/03\/Fotolia_71910561_S-300x200.jpg 300w\" sizes=\"(max-width: 615px) 100vw, 615px\" \/><\/p>\n<p>Innere Organe, deren Umh\u00fcllungen (<a title=\"Definition Faszie\" href=\"http:\/\/flexikon.doccheck.com\/de\/Faszie\" target=\"_blank\">Faszien<\/a>) und Aufh\u00e4ngungen k\u00f6nnen mit manuellen Techniken behandelt werden (z.Bsp. nach Operationen oder Entz\u00fcndungen). Ebenso die umliegenden Strukturen, wie z.Bsp. das Zwerchfell, das Rippenfell oder das Bauchfell. Eine Relaxierung von verkrampften Geweben sowie die Mobilisierung und Anregung von Organen ist m\u00f6glich.<\/p>\n<p>Ziel ist es, die \u00a0<strong>Beweglichkeit \u2013 <\/strong>die <strong>Durchblutung \u2013 <\/strong>die<strong> Stoffwechselaktivit\u00e4t \u2013<\/strong> die<strong> nervale Versorgung <\/strong>sowie die<strong> Lymphabfl\u00fcsse <\/strong>in den betroffenen Organen und Geweben zu optimieren.<\/p>\n<p>_____________________________________________________________________________<\/p>\n<p><span style=\"color: #ffffff;\"><strong><a style=\"color: #ffffff;\" href=\"http:\/\/osteo-ortjohann.de\/?page_id=106\">Parietale Osteopathie<\/a> \u00a0<a style=\"color: #ffffff;\" href=\"http:\/\/osteo-ortjohann.de\/?page_id=110\">Craniosakrale Osteopathie<\/a><\/strong><\/span><\/p>\n","protected":false},"excerpt":{"rendered":"<p>Innere Organe, deren Umh\u00fcllungen (Faszien) und Aufh\u00e4ngungen k\u00f6nnen mit manuellen Techniken behandelt werden (z.Bsp. nach Operationen oder Entz\u00fcndungen). Ebenso die umliegenden Strukturen, wie z.Bsp. das Zwerchfell, das Rippenfell oder das Bauchfell. Eine Relaxierung von verkrampften Geweben sowie die Mobilisierung und Anregung von Organen ist m\u00f6glich. Ziel ist es, die \u00a0Beweglichkeit \u2013 die Durchblutung \u2013 die [&hellip;]<\/p>\n","protected":false},"author":1,"featured_media":0,"parent":0,"menu_order":0,"comment_status":"open","ping_status":"open","template":"","meta":{"footnotes":""},"_links":{"self":[{"href":"https:\/\/osteo-ortjohann.de\/index.php?rest_route=\/wp\/v2\/pages\/108"}],"collection":[{"href":"https:\/\/osteo-ortjohann.de\/index.php?rest_route=\/wp\/v2\/pages"}],"about":[{"href":"https:\/\/osteo-ortjohann.de\/index.php?rest_route=\/wp\/v2\/types\/page"}],"author":[{"embeddable":true,"href":"https:\/\/osteo-ortjohann.de\/index.php?rest_route=\/wp\/v2\/users\/1"}],"replies":[{"embeddable":true,"href":"https:\/\/osteo-ortjohann.de\/index.php?rest_route=%2Fwp%2Fv2%2Fcomments&post=108"}],"version-history":[{"count":13,"href":"https:\/\/osteo-ortjohann.de\/index.php?rest_route=\/wp\/v2\/pages\/108\/revisions"}],"predecessor-version":[{"id":251,"href":"https:\/\/osteo-ortjohann.de\/index.php?rest_route=\/wp\/v2\/pages\/108\/revisions\/251"}],"wp:attachment":[{"href":"https:\/\/osteo-ortjohann.de\/index.php?rest_route=%2Fwp%2Fv2%2Fmedia&parent=108"}],"curies":[{"name":"wp","href":"https:\/\/api.w.org\/{rel}","templated":true}]}}