{"id":110,"date":"2015-03-17T12:24:23","date_gmt":"2015-03-17T12:24:23","guid":{"rendered":"http:\/\/osteo-ortjohann.de\/?page_id=110"},"modified":"2015-04-16T16:45:35","modified_gmt":"2015-04-16T16:45:35","slug":"craniosakrale-osteopathie","status":"publish","type":"page","link":"https:\/\/osteo-ortjohann.de\/?page_id=110","title":{"rendered":"Craniosakrale Osteopathie"},"content":{"rendered":"<p><a href=\"http:\/\/osteo-ortjohann.de\/wp-content\/uploads\/2015\/03\/Fotolia_60535338_S.jpg\"><img decoding=\"async\" loading=\"lazy\" class=\"aligncenter wp-image-145\" src=\"http:\/\/osteo-ortjohann.de\/wp-content\/uploads\/2015\/03\/Fotolia_60535338_S.jpg\" alt=\"neck pain\" width=\"646\" height=\"431\" srcset=\"https:\/\/osteo-ortjohann.de\/wp-content\/uploads\/2015\/03\/Fotolia_60535338_S.jpg 849w, https:\/\/osteo-ortjohann.de\/wp-content\/uploads\/2015\/03\/Fotolia_60535338_S-300x200.jpg 300w\" sizes=\"(max-width: 646px) 100vw, 646px\" \/><\/a>Mit minimalen Zug- und Druckkr\u00e4ften der H\u00e4nde und Finger k\u00f6nnen Sch\u00e4delknochen im Gesamten und einzeln behandelt werden (z.Bsp. nach Unf\u00e4llen\/St\u00fcrzen). Manuelle Techniken k\u00f6nnen sanft das System der Gehirn-R\u00fcckenmarks-Fl\u00fcssigkeit (<a title=\"Liquor Definition\" href=\"http:\/\/flexikon.doccheck.com\/de\/Liquor\" target=\"_blank\">Liquor cerebrospinalis<\/a>) und das ven\u00f6se Blutleitersystem im Kopf stimulieren. Die <strong>Durchblutung <\/strong>und <strong>nervale Versorgung<\/strong> des Hals-Nasen-Ohren &#8211; und Augenbereiches k\u00f6nnen gezielt angeregt werden. Die <strong>Beweglichkeit<\/strong> der Wirbels\u00e4ule vom Kopf bis zum Kreuzbein kann verbessert werden. Spannungen in Kiefergelenk, Hals, Nacken und Schultern k\u00f6nnen manuell gel\u00f6st werden.<\/p>\n<p>_____________________________________________________________________________<\/p>\n<p><span style=\"color: #ffffff;\"><strong><a style=\"color: #ffffff;\" href=\"http:\/\/osteo-ortjohann.de\/?page_id=106\">Parietale Osteopathie<\/a> \u00a0<a style=\"color: #ffffff;\" href=\"http:\/\/osteo-ortjohann.de\/?page_id=108\">Viszerale Osteopathie<\/a><\/strong><\/span><\/p>\n","protected":false},"excerpt":{"rendered":"<p>Mit minimalen Zug- und Druckkr\u00e4ften der H\u00e4nde und Finger k\u00f6nnen Sch\u00e4delknochen im Gesamten und einzeln behandelt werden (z.Bsp. nach Unf\u00e4llen\/St\u00fcrzen). Manuelle Techniken k\u00f6nnen sanft das System der Gehirn-R\u00fcckenmarks-Fl\u00fcssigkeit (Liquor cerebrospinalis) und das ven\u00f6se Blutleitersystem im Kopf stimulieren. Die Durchblutung und nervale Versorgung des Hals-Nasen-Ohren &#8211; und Augenbereiches k\u00f6nnen gezielt angeregt werden. Die Beweglichkeit der Wirbels\u00e4ule [&hellip;]<\/p>\n","protected":false},"author":1,"featured_media":0,"parent":0,"menu_order":0,"comment_status":"open","ping_status":"open","template":"","meta":{"footnotes":""},"_links":{"self":[{"href":"https:\/\/osteo-ortjohann.de\/index.php?rest_route=\/wp\/v2\/pages\/110"}],"collection":[{"href":"https:\/\/osteo-ortjohann.de\/index.php?rest_route=\/wp\/v2\/pages"}],"about":[{"href":"https:\/\/osteo-ortjohann.de\/index.php?rest_route=\/wp\/v2\/types\/page"}],"author":[{"embeddable":true,"href":"https:\/\/osteo-ortjohann.de\/index.php?rest_route=\/wp\/v2\/users\/1"}],"replies":[{"embeddable":true,"href":"https:\/\/osteo-ortjohann.de\/index.php?rest_route=%2Fwp%2Fv2%2Fcomments&post=110"}],"version-history":[{"count":19,"href":"https:\/\/osteo-ortjohann.de\/index.php?rest_route=\/wp\/v2\/pages\/110\/revisions"}],"predecessor-version":[{"id":252,"href":"https:\/\/osteo-ortjohann.de\/index.php?rest_route=\/wp\/v2\/pages\/110\/revisions\/252"}],"wp:attachment":[{"href":"https:\/\/osteo-ortjohann.de\/index.php?rest_route=%2Fwp%2Fv2%2Fmedia&parent=110"}],"curies":[{"name":"wp","href":"https:\/\/api.w.org\/{rel}","templated":true}]}}