{"id":376,"date":"2020-05-04T08:52:22","date_gmt":"2020-05-04T08:52:22","guid":{"rendered":"https:\/\/osteo-ortjohann.de\/?page_id=376"},"modified":"2023-09-26T13:40:50","modified_gmt":"2023-09-26T13:40:50","slug":"covid-19","status":"publish","type":"page","link":"https:\/\/osteo-ortjohann.de\/?page_id=376","title":{"rendered":"COVID-19"},"content":{"rendered":"\n<p>Liebe Patienten,<\/p>\n\n\n\n<p>meine Praxis ist regul\u00e4r ge\u00f6ffnet.<\/p>\n\n\n\n<p>Unter Ber\u00fccksichtigung der erforderlichen Hygienema\u00dfnahmen und des Infektionsschutzes freue ich mich, Sie zu behandeln.<\/p>\n\n\n\n<p><strong>Wichtige Informationen hierf\u00fcr:<\/strong><\/p>\n\n\n\n<p>Bitte sagen Sie Ihren Termin ab, wenn Sie den Verdacht auf eine COVID-19 Infektion haben bzw. Kontakt zu einer infizierten Person hatten. <\/p>\n\n\n\n<p>Kontaktieren Sie mich gerne telefonisch oder per mail, wenn Sie Fragen zum Behandlungsablauf haben.<\/p>\n\n\n\n<p><\/p>\n\n\n\n<p>Es gr\u00fc\u00dft Sie herzlich<\/p>\n\n\n\n<p>Luba Ortjohann.<br><\/p>\n","protected":false},"excerpt":{"rendered":"<p>Liebe Patienten, meine Praxis ist regul\u00e4r ge\u00f6ffnet. Unter Ber\u00fccksichtigung der erforderlichen Hygienema\u00dfnahmen und des Infektionsschutzes freue ich mich, Sie zu behandeln. Wichtige Informationen hierf\u00fcr: Bitte sagen Sie Ihren Termin ab, wenn Sie den Verdacht auf eine COVID-19 Infektion haben bzw. Kontakt zu einer infizierten Person hatten. Kontaktieren Sie mich gerne telefonisch oder per mail, wenn [&hellip;]<\/p>\n","protected":false},"author":1,"featured_media":0,"parent":0,"menu_order":0,"comment_status":"closed","ping_status":"closed","template":"","meta":{"footnotes":""},"_links":{"self":[{"href":"https:\/\/osteo-ortjohann.de\/index.php?rest_route=\/wp\/v2\/pages\/376"}],"collection":[{"href":"https:\/\/osteo-ortjohann.de\/index.php?rest_route=\/wp\/v2\/pages"}],"about":[{"href":"https:\/\/osteo-ortjohann.de\/index.php?rest_route=\/wp\/v2\/types\/page"}],"author":[{"embeddable":true,"href":"https:\/\/osteo-ortjohann.de\/index.php?rest_route=\/wp\/v2\/users\/1"}],"replies":[{"embeddable":true,"href":"https:\/\/osteo-ortjohann.de\/index.php?rest_route=%2Fwp%2Fv2%2Fcomments&post=376"}],"version-history":[{"count":4,"href":"https:\/\/osteo-ortjohann.de\/index.php?rest_route=\/wp\/v2\/pages\/376\/revisions"}],"predecessor-version":[{"id":398,"href":"https:\/\/osteo-ortjohann.de\/index.php?rest_route=\/wp\/v2\/pages\/376\/revisions\/398"}],"wp:attachment":[{"href":"https:\/\/osteo-ortjohann.de\/index.php?rest_route=%2Fwp%2Fv2%2Fmedia&parent=376"}],"curies":[{"name":"wp","href":"https:\/\/api.w.org\/{rel}","templated":true}]}}