{"id":54,"date":"2015-03-17T08:53:27","date_gmt":"2015-03-17T08:53:27","guid":{"rendered":"http:\/\/osteo-ortjohann.de\/?page_id=54"},"modified":"2023-10-19T07:57:11","modified_gmt":"2023-10-19T07:57:11","slug":"ueber-mich","status":"publish","type":"page","link":"https:\/\/osteo-ortjohann.de\/?page_id=54","title":{"rendered":"Luba Ortjohann"},"content":{"rendered":"<p><a href=\"https:\/\/osteo-ortjohann.de\/wp-content\/uploads\/2015\/03\/MG_0417.jpg\"><img decoding=\"async\" loading=\"lazy\" class=\"aligncenter size-thumbnail wp-image-256\" src=\"https:\/\/osteo-ortjohann.de\/wp-content\/uploads\/2015\/03\/MG_0417-150x150.jpg\" alt=\"_MG_0417\" width=\"150\" height=\"150\" \/><\/a><\/p>\n<p>Seit dem Jahr 2000 bin ich examinierte Kinderkrankenschwester mit Erfahrung im klinischen Intensivbereich als auch in der ambulanten Pflege f\u00fcr Kinder und Erwachsene. Nachdem ich anfing, mich f\u00fcr Alternativmedizin zu interessieren, habe ich 2004 die Heilpraktikerpr\u00fcfung abgelegt und mich seitdem in Ayurvedamedizin, Osteopathischen Techniken, Neuraltherapie und Kinesiologie weitergebildet.<\/p>\n<p>W\u00e4hrend dieser Zeit habe ich in einer internistischen &#8211; naturheilkundlichen Arztpraxis gearbeitet und konnte intensiv Erfahrungen in der Bioresonanztherapie, Infusionsgaben und Praxisorganisation sammeln. Vor allem habe ich gelernt, ganzheitlich zu denken und die Patienten entsprechend nachhaltig zu therapieren.<\/p>\n<p>Nach der Geburt meines Kindes habe ich die Elternzeit genossen und danach die 5 j\u00e4hrige Osteopathieausbildung an dem <a title=\"Webseite Schule\" href=\"http:\/\/www.ifaop.com\/cms\/index.php\" target=\"_blank\" rel=\"noopener noreferrer\">IFAO<\/a> in Neuss begonnen und abgeschlossen.<\/p>\n<p>Seit 2013 arbeite ich als Heilpraktikerin\/Osteopathin in Selbst\u00e4ndigkeit und empfange nach 2-j\u00e4hriger Ausbildung auch S\u00e4uglinge und Kinder in meiner Praxis, was mir gro\u00dfe Freude bereitet.<\/p>\n<p>Aktuell finde ich neue R\u00e4umlichkeiten nach langer T\u00e4tigkeit in K\u00f6ln-Braunsfeld. Bis dahin biete ich Ihnen gerne Behandlungen in der Praxis Regina Kock in Klettenberg an. Dort nutze ich zus\u00e4tzlich stundenweise die Praxisr\u00e4ume.<\/p>\n<p>&nbsp;<\/p>\n<p>Mich pr\u00e4gt die Freude an der Natur, an Wandern, Sport und Tanz. Gespr\u00e4che und der Austausch mit meiner Familie, Freunden und Kollegen sind mir sehr wichtig.<\/p>\n<p>Und: Eine nachhaltige, unser \u00d6kosystem schonende Lebensweise liegt mir sehr am Herzen. Dies versuche ich t\u00e4glich mit meiner Familie umzusetzen und zu leben.<\/p>\n<p>Kontaktieren Sie mich gerne !<\/p>\n<p><strong>info@osteo-ortjohann.de<\/strong><\/p>\n<p><strong>0151 &#8211; 11619745<\/strong><\/p>\n","protected":false},"excerpt":{"rendered":"<p>Seit dem Jahr 2000 bin ich examinierte Kinderkrankenschwester mit Erfahrung im klinischen Intensivbereich als auch in der ambulanten Pflege f\u00fcr Kinder und Erwachsene. Nachdem ich anfing, mich f\u00fcr Alternativmedizin zu interessieren, habe ich 2004 die Heilpraktikerpr\u00fcfung abgelegt und mich seitdem in Ayurvedamedizin, Osteopathischen Techniken, Neuraltherapie und Kinesiologie weitergebildet. W\u00e4hrend dieser Zeit habe ich in einer [&hellip;]<\/p>\n","protected":false},"author":1,"featured_media":0,"parent":0,"menu_order":0,"comment_status":"open","ping_status":"open","template":"","meta":{"footnotes":""},"_links":{"self":[{"href":"https:\/\/osteo-ortjohann.de\/index.php?rest_route=\/wp\/v2\/pages\/54"}],"collection":[{"href":"https:\/\/osteo-ortjohann.de\/index.php?rest_route=\/wp\/v2\/pages"}],"about":[{"href":"https:\/\/osteo-ortjohann.de\/index.php?rest_route=\/wp\/v2\/types\/page"}],"author":[{"embeddable":true,"href":"https:\/\/osteo-ortjohann.de\/index.php?rest_route=\/wp\/v2\/users\/1"}],"replies":[{"embeddable":true,"href":"https:\/\/osteo-ortjohann.de\/index.php?rest_route=%2Fwp%2Fv2%2Fcomments&post=54"}],"version-history":[{"count":26,"href":"https:\/\/osteo-ortjohann.de\/index.php?rest_route=\/wp\/v2\/pages\/54\/revisions"}],"predecessor-version":[{"id":411,"href":"https:\/\/osteo-ortjohann.de\/index.php?rest_route=\/wp\/v2\/pages\/54\/revisions\/411"}],"wp:attachment":[{"href":"https:\/\/osteo-ortjohann.de\/index.php?rest_route=%2Fwp%2Fv2%2Fmedia&parent=54"}],"curies":[{"name":"wp","href":"https:\/\/api.w.org\/{rel}","templated":true}]}}