{"id":64,"date":"2015-03-17T09:18:38","date_gmt":"2015-03-17T09:18:38","guid":{"rendered":"http:\/\/osteo-ortjohann.de\/?page_id=64"},"modified":"2018-01-29T08:45:42","modified_gmt":"2018-01-29T08:45:42","slug":"allgemeine-informationen","status":"publish","type":"page","link":"https:\/\/osteo-ortjohann.de\/?page_id=64","title":{"rendered":"Allgemeine Informationen"},"content":{"rendered":"<p><strong>&#8220; Gesundheit sollt Ihr finden &#8211; Krankheit finden kann jeder !&#8220; <\/strong>A.T. Still<\/p>\n<p><a href=\"http:\/\/osteo-ortjohann.de\/wp-content\/uploads\/2015\/03\/Fotolia_53152584_S1.jpg\"><img decoding=\"async\" loading=\"lazy\" class=\"aligncenter wp-image-143\" src=\"http:\/\/osteo-ortjohann.de\/wp-content\/uploads\/2015\/03\/Fotolia_53152584_S1.jpg\" alt=\"Stille am See\" width=\"617\" height=\"308\" srcset=\"https:\/\/osteo-ortjohann.de\/wp-content\/uploads\/2015\/03\/Fotolia_53152584_S1.jpg 981w, https:\/\/osteo-ortjohann.de\/wp-content\/uploads\/2015\/03\/Fotolia_53152584_S1-300x150.jpg 300w\" sizes=\"(max-width: 617px) 100vw, 617px\" \/><\/a>Die Osteopathie hat sich seit der Begr\u00fcndung 1874 durch den amerikanischen Arzt Dr. Andrew Taylor Still in den letzten 150 Jahren stetig weiterentwickelt.<\/p>\n<p><strong>In der heutigen Medizin\u00a0ist sie ein erg\u00e4nzendes Behandlungskonzept, welches den Menschen in erster Linie in seiner Gesamtheit betrachtet und behandelt.<\/strong><\/p>\n<p>Sie basiert auf fundierten Kenntnissen der menschlichen Biomechanik, der Anatomie des allgemeinen Bewegungsapparates, der Anatomie und Funktion der inneren Organe sowie der Neuroanatomie.<\/p>\n<p><strong>Die Optimierung der Bewegungsfreiheit, der Zirkulation, der Gewebeelastizit\u00e4t und der Stoffwechselfunktionen ist Ziel der Behandlung. <\/strong><\/p>\n<p><strong>Denn das unterst\u00fctzt die Selbstheilungskr\u00e4fte des Patienten und die Wiedererlangung seines pers\u00f6nlichen Gleichgewichts.<\/strong><\/p>\n<p>Die Osteopathie wird bei vielen bekannten Beschwerden <strong>im Bereich des<\/strong> <strong>Bewegungsapparates, im internistischen Bereich, im Hals-Nasen-Ohrenbereich, im urogenitalen Bereich, in der Kinderheilkunde und neurovegetativem Bereich <\/strong>angewendet.<\/p>\n<p><strong>Diese manuelle Therapieform trennt K\u00f6rperstrukturen nicht voneinander, sondern setzt sie zueinander in Verbindung<\/strong>. Denn der Organismus bildet von \u201eKopf bis Fu\u00df\u201c eine Einheit. Dies funktioniert \u00fcber Bindegewebsh\u00fcllen (<a title=\"Definition Faszie\" href=\"http:\/\/flexikon.doccheck.com\/de\/Faszie\" target=\"_blank\">Faszien<\/a>) und \u00fcber zirkulatorische Wege (Blut\/Nerven\/Lymphe). Somit beeinflussen sich Gewebe und Strukturen im Organismus auch gegenseitig. Im ung\u00fcnstigen Fall kann sich eine Dysbalance entwickeln, was wiederum zu einer sogenannten <a title=\"Definition Dysfunktion\" href=\"http:\/\/flexikon.doccheck.com\/de\/Segmentale_Dysfunktion\" target=\"_blank\">Dysfunktion<\/a> f\u00fchren kann.<\/p>\n<p>Mit diesem Ansatz sollen nicht nur Symptome behandelt werden, sondern der gesamte Organismus in seiner Globalit\u00e4t. Da der Ort der Beschwerden nicht gleichzeitig die Ursache f\u00fcr diese sein muss. Ein Schmerz in der unteren Wirbels\u00e4ule kann durch Verwachsungen im Unterleib verursacht werden. Ein Kopfschmerz kann \u00fcber Muskelketten von einer blockierten Rippe verursacht werden. Und so fort.<\/p>\n<p>Die Therapeuten erhalten eine mehrj\u00e4hrige Ausbildung und schulen lange und intensiv ihr Tastverm\u00f6gen, um das eingeschr\u00e4nkte und urs\u00e4chliche Gewebe\/Organ\/K\u00f6rperareal zu finden und zu behandeln.<\/p>\n<p>Eine osteopathische Behandlung stellt somit eine sinnvolle Erg\u00e4nzung in der heutigen Medizin dar. Die klassische Schulmedizin soll nicht ersetzt werden, sondern im Idealfall mit Osteopathie eine homogene Therapielandschaft f\u00fcr die Patienten bieten.<\/p>\n<p>Gerne k\u00f6nnen Sie weitere Fragen zu meiner Behandlung an mich pers\u00f6nlich richten.<\/p>\n","protected":false},"excerpt":{"rendered":"<p>&#8220; Gesundheit sollt Ihr finden &#8211; Krankheit finden kann jeder !&#8220; A.T. Still Die Osteopathie hat sich seit der Begr\u00fcndung 1874 durch den amerikanischen Arzt Dr. Andrew Taylor Still in den letzten 150 Jahren stetig weiterentwickelt. In der heutigen Medizin\u00a0ist sie ein erg\u00e4nzendes Behandlungskonzept, welches den Menschen in erster Linie in seiner Gesamtheit betrachtet und [&hellip;]<\/p>\n","protected":false},"author":1,"featured_media":0,"parent":0,"menu_order":0,"comment_status":"open","ping_status":"open","template":"","meta":{"footnotes":""},"_links":{"self":[{"href":"https:\/\/osteo-ortjohann.de\/index.php?rest_route=\/wp\/v2\/pages\/64"}],"collection":[{"href":"https:\/\/osteo-ortjohann.de\/index.php?rest_route=\/wp\/v2\/pages"}],"about":[{"href":"https:\/\/osteo-ortjohann.de\/index.php?rest_route=\/wp\/v2\/types\/page"}],"author":[{"embeddable":true,"href":"https:\/\/osteo-ortjohann.de\/index.php?rest_route=\/wp\/v2\/users\/1"}],"replies":[{"embeddable":true,"href":"https:\/\/osteo-ortjohann.de\/index.php?rest_route=%2Fwp%2Fv2%2Fcomments&post=64"}],"version-history":[{"count":20,"href":"https:\/\/osteo-ortjohann.de\/index.php?rest_route=\/wp\/v2\/pages\/64\/revisions"}],"predecessor-version":[{"id":359,"href":"https:\/\/osteo-ortjohann.de\/index.php?rest_route=\/wp\/v2\/pages\/64\/revisions\/359"}],"wp:attachment":[{"href":"https:\/\/osteo-ortjohann.de\/index.php?rest_route=%2Fwp%2Fv2%2Fmedia&parent=64"}],"curies":[{"name":"wp","href":"https:\/\/api.w.org\/{rel}","templated":true}]}}