{"id":67,"date":"2015-03-17T09:47:24","date_gmt":"2015-03-17T09:47:24","guid":{"rendered":"http:\/\/osteo-ortjohann.de\/?page_id=67"},"modified":"2015-03-24T12:16:57","modified_gmt":"2015-03-24T12:16:57","slug":"behandlungsablauf","status":"publish","type":"page","link":"https:\/\/osteo-ortjohann.de\/?page_id=67","title":{"rendered":"Behandlungsablauf"},"content":{"rendered":"<p>Meine Behandlung beginnt mit einer Anamnese, sprich einem ausf\u00fchrlichem Gespr\u00e4ch bez\u00fcglich Ihrer Beschwerden und Krankengeschichte.<\/p>\n<p>Die genaue Beschreibung Ihrer Symptome und deren Lokalisation, des zeitlichen Auftretens sowie der Faktoren, die zu Beschwerdelinderung\u00a0 \/ &#8211; verschlimmerung f\u00fchren, sind f\u00fcr mich wichtige Hinweise. Auch, wenn diese zun\u00e4chst ohne erkennbaren Zusammenhang erscheinen.<\/p>\n<p>Dann beginne ich mit einer Haltungsanalyse und Inspektion der Haut. Das wird in der Regel durch Bewegungsteste erg\u00e4nzt. Somit k\u00f6nnen Bewegungseinschr\u00e4nkungen oder Fehlstellungen (z. Bsp. des Beckens) gesehen und ertastet werden.<\/p>\n<p>Die eigentliche Behandlung erfolgt auf einer Behandlungsliege. Ausschlie\u00dflich mit meinen H\u00e4nden.<\/p>\n<p>Meine Therapie besteht aus einem Spektrum von sanften bis intensiven manuellen Mobilisationen an Muskeln, Wirbeln, Gelenken, der inneren Organe sowie des Sch\u00e4dels. Diese sollten immer an Ihre aktuelle Befindlichkeit und Situation angepasst sein.<\/p>\n<p>Die Behandlungssitzung dauert 50 &#8211; 60 Minuten, ist weitestgehend ruhig und findet je nach Technik mit und ohne Ihre aktive Mithilfe statt.<\/p>\n<p>Die Behandlungsabst\u00e4nde h\u00e4ngen von Ihren Reaktionen und Beschwerden ab. Ein Abstand von 2-4 Wochen ist \u00fcblich. Der Organismus sollte Zeit haben, die gesetzten Impulse zu verarbeiten.<\/p>\n<p>Die Anzahl der Behandlungen ist von dem Therapieverlauf abh\u00e4ngig.<\/p>\n<p><strong>Hinweis:<\/strong><\/p>\n<p><strong>Auch bei der noch so auf Sie abgestimmten Behandlung kommt es nach der 1. Sitzung h\u00e4ufig vor\u00fcbergehend zu Symptom-\/Beschwerdeverschlimmerungen ( sogenannte Erstverschlimmerungen), die\u00a0 3 \u2013 5 Tage anhalten k\u00f6nnen. <\/strong><\/p>\n<p>Weitere m\u00f6gliche vor\u00fcbergehende Reaktionen k\u00f6nnen z. Bsp. sein: Muskelkater, M\u00fcdigkeit, Abgeschlagenheit, leichte Antriebsschw\u00e4che, Kopfschmerzen, Schwindel, Kreislaufprobleme, Nasenbluten, Zahnschmerzen.<\/p>\n<p>&nbsp;<\/p>\n","protected":false},"excerpt":{"rendered":"<p>Meine Behandlung beginnt mit einer Anamnese, sprich einem ausf\u00fchrlichem Gespr\u00e4ch bez\u00fcglich Ihrer Beschwerden und Krankengeschichte. Die genaue Beschreibung Ihrer Symptome und deren Lokalisation, des zeitlichen Auftretens sowie der Faktoren, die zu Beschwerdelinderung\u00a0 \/ &#8211; verschlimmerung f\u00fchren, sind f\u00fcr mich wichtige Hinweise. Auch, wenn diese zun\u00e4chst ohne erkennbaren Zusammenhang erscheinen. Dann beginne ich mit einer Haltungsanalyse [&hellip;]<\/p>\n","protected":false},"author":1,"featured_media":0,"parent":0,"menu_order":0,"comment_status":"open","ping_status":"open","template":"","meta":{"footnotes":""},"_links":{"self":[{"href":"https:\/\/osteo-ortjohann.de\/index.php?rest_route=\/wp\/v2\/pages\/67"}],"collection":[{"href":"https:\/\/osteo-ortjohann.de\/index.php?rest_route=\/wp\/v2\/pages"}],"about":[{"href":"https:\/\/osteo-ortjohann.de\/index.php?rest_route=\/wp\/v2\/types\/page"}],"author":[{"embeddable":true,"href":"https:\/\/osteo-ortjohann.de\/index.php?rest_route=\/wp\/v2\/users\/1"}],"replies":[{"embeddable":true,"href":"https:\/\/osteo-ortjohann.de\/index.php?rest_route=%2Fwp%2Fv2%2Fcomments&post=67"}],"version-history":[{"count":9,"href":"https:\/\/osteo-ortjohann.de\/index.php?rest_route=\/wp\/v2\/pages\/67\/revisions"}],"predecessor-version":[{"id":195,"href":"https:\/\/osteo-ortjohann.de\/index.php?rest_route=\/wp\/v2\/pages\/67\/revisions\/195"}],"wp:attachment":[{"href":"https:\/\/osteo-ortjohann.de\/index.php?rest_route=%2Fwp%2Fv2%2Fmedia&parent=67"}],"curies":[{"name":"wp","href":"https:\/\/api.w.org\/{rel}","templated":true}]}}