{"id":69,"date":"2015-03-17T09:48:01","date_gmt":"2015-03-17T09:48:01","guid":{"rendered":"http:\/\/osteo-ortjohann.de\/?page_id=69"},"modified":"2015-03-23T21:54:15","modified_gmt":"2015-03-23T21:54:15","slug":"grenzen-und-einschraenkungen","status":"publish","type":"page","link":"https:\/\/osteo-ortjohann.de\/?page_id=69","title":{"rendered":"Grenzen und Einschr\u00e4nkungen"},"content":{"rendered":"<p>Im Rahmen der folgenden Beschwerden und Erkrankungen behandele ich sehr eingeschr\u00e4nkt bzw. muss von einer osteopathischen Behandlung absehen:<\/p>\n<p>Im <strong>Ersten Schwangerschaftstrimester<\/strong> sowie in den <strong>letzten 3-4 Schwangerschaftswochen.<\/strong><\/p>\n<p>Bei <strong>akuten Infekten.<br \/>\n<\/strong><\/p>\n<p>Bei <strong>Fieber.<\/strong><\/p>\n<p>Bei <strong>frischen Knochenbr\u00fcche, frischen Verletzungen, Sch\u00e4delverletzungen.<\/strong><\/p>\n<p>Bei <strong>unbehandelten Herz-\/Kreislauferkrankungen.<\/strong><\/p>\n<p>Kurz nach einem <strong>Schlaganfall.<\/strong><\/p>\n<p>Bei <strong>Psychosen.<\/strong><\/p>\n<p>Bei <strong>Krebserkrankungen in bestimmten Stadien.<\/strong><\/p>\n<p>Bei <strong>akuten lebensbedrohlichen und lebensbedrohlichen Erkrankungen.<\/strong><\/p>\n<p>&nbsp;<\/p>\n<p>Strukturver\u00e4nderungen, z. Bsp. ein Gelenkverschlei\u00df, k\u00f6nnen mit osteopathischen Behandlungen nicht r\u00fcckg\u00e4ngig gemacht werden. <strong>Als begleitende Therapie, um die bestehenden Ressourcen zu erhalten, ist eine manuelle Therapie jedoch sehr sinnvoll.<\/strong><\/p>\n<p>Und:<\/p>\n<p><em><strong>Der Erfolg einer Behandlung h\u00e4ngt sehr oft von vielen Faktoren (Lebenssituation, Stresspotential, Vorerkrankungen, Ern\u00e4hrungsweise, Medikamenteneinnahme,\u2026) ab.<\/strong><\/em><\/p>\n","protected":false},"excerpt":{"rendered":"<p>Im Rahmen der folgenden Beschwerden und Erkrankungen behandele ich sehr eingeschr\u00e4nkt bzw. muss von einer osteopathischen Behandlung absehen: Im Ersten Schwangerschaftstrimester sowie in den letzten 3-4 Schwangerschaftswochen. Bei akuten Infekten. Bei Fieber. Bei frischen Knochenbr\u00fcche, frischen Verletzungen, Sch\u00e4delverletzungen. Bei unbehandelten Herz-\/Kreislauferkrankungen. Kurz nach einem Schlaganfall. Bei Psychosen. Bei Krebserkrankungen in bestimmten Stadien. Bei akuten lebensbedrohlichen [&hellip;]<\/p>\n","protected":false},"author":1,"featured_media":0,"parent":0,"menu_order":0,"comment_status":"open","ping_status":"open","template":"","meta":{"footnotes":""},"_links":{"self":[{"href":"https:\/\/osteo-ortjohann.de\/index.php?rest_route=\/wp\/v2\/pages\/69"}],"collection":[{"href":"https:\/\/osteo-ortjohann.de\/index.php?rest_route=\/wp\/v2\/pages"}],"about":[{"href":"https:\/\/osteo-ortjohann.de\/index.php?rest_route=\/wp\/v2\/types\/page"}],"author":[{"embeddable":true,"href":"https:\/\/osteo-ortjohann.de\/index.php?rest_route=\/wp\/v2\/users\/1"}],"replies":[{"embeddable":true,"href":"https:\/\/osteo-ortjohann.de\/index.php?rest_route=%2Fwp%2Fv2%2Fcomments&post=69"}],"version-history":[{"count":9,"href":"https:\/\/osteo-ortjohann.de\/index.php?rest_route=\/wp\/v2\/pages\/69\/revisions"}],"predecessor-version":[{"id":190,"href":"https:\/\/osteo-ortjohann.de\/index.php?rest_route=\/wp\/v2\/pages\/69\/revisions\/190"}],"wp:attachment":[{"href":"https:\/\/osteo-ortjohann.de\/index.php?rest_route=%2Fwp%2Fv2%2Fmedia&parent=69"}],"curies":[{"name":"wp","href":"https:\/\/api.w.org\/{rel}","templated":true}]}}